{"id":489,"date":"2023-01-06T23:29:38","date_gmt":"2023-01-06T23:29:38","guid":{"rendered":"https:\/\/derberg.ch\/?page_id=489"},"modified":"2023-03-23T17:07:04","modified_gmt":"2023-03-23T17:07:04","slug":"tegia-sura","status":"publish","type":"page","link":"https:\/\/derberg.ch\/?page_id=489","title":{"rendered":"Tegia Sura"},"content":{"rendered":"\n<figure class=\"wp-block-image size-large\"><img loading=\"lazy\" decoding=\"async\" width=\"1024\" height=\"530\" src=\"https:\/\/derberg.ch\/wp-content\/uploads\/2023\/01\/9D0529BF-E061-4243-8D15-8F30950F6FAA-1024x530.jpeg\" alt=\"\" class=\"wp-image-384\" srcset=\"https:\/\/derberg.ch\/wp-content\/uploads\/2023\/01\/9D0529BF-E061-4243-8D15-8F30950F6FAA-1024x530.jpeg 1024w, https:\/\/derberg.ch\/wp-content\/uploads\/2023\/01\/9D0529BF-E061-4243-8D15-8F30950F6FAA-300x155.jpeg 300w, https:\/\/derberg.ch\/wp-content\/uploads\/2023\/01\/9D0529BF-E061-4243-8D15-8F30950F6FAA-768x397.jpeg 768w, https:\/\/derberg.ch\/wp-content\/uploads\/2023\/01\/9D0529BF-E061-4243-8D15-8F30950F6FAA-1536x794.jpeg 1536w, https:\/\/derberg.ch\/wp-content\/uploads\/2023\/01\/9D0529BF-E061-4243-8D15-8F30950F6FAA-2048x1059.jpeg 2048w\" sizes=\"auto, (max-width: 1024px) 100vw, 1024px\" \/><figcaption class=\"wp-element-caption\">Unsere gem\u00fctliche Sektionh\u00fctte kann f\u00fcr Anl\u00e4sse gemietet werden. Wende Dich an den Cautegia Curdin f\u00fcr weitere Informationen.<\/figcaption><\/figure>\n","protected":false},"excerpt":{"rendered":"","protected":false},"author":1,"featured_media":0,"parent":0,"menu_order":0,"comment_status":"closed","ping_status":"closed","template":"","meta":{"_themeisle_gutenberg_block_has_review":false,"footnotes":""},"class_list":["post-489","page","type-page","status-publish","hentry"],"_links":{"self":[{"href":"https:\/\/derberg.ch\/index.php?rest_route=\/wp\/v2\/pages\/489","targetHints":{"allow":["GET"]}}],"collection":[{"href":"https:\/\/derberg.ch\/index.php?rest_route=\/wp\/v2\/pages"}],"about":[{"href":"https:\/\/derberg.ch\/index.php?rest_route=\/wp\/v2\/types\/page"}],"author":[{"embeddable":true,"href":"https:\/\/derberg.ch\/index.php?rest_route=\/wp\/v2\/users\/1"}],"replies":[{"embeddable":true,"href":"https:\/\/derberg.ch\/index.php?rest_route=%2Fwp%2Fv2%2Fcomments&post=489"}],"version-history":[{"count":2,"href":"https:\/\/derberg.ch\/index.php?rest_route=\/wp\/v2\/pages\/489\/revisions"}],"predecessor-version":[{"id":503,"href":"https:\/\/derberg.ch\/index.php?rest_route=\/wp\/v2\/pages\/489\/revisions\/503"}],"wp:attachment":[{"href":"https:\/\/derberg.ch\/index.php?rest_route=%2Fwp%2Fv2%2Fmedia&parent=489"}],"curies":[{"name":"wp","href":"https:\/\/api.w.org\/{rel}","templated":true}]}}