{"id":433,"date":"2023-01-06T22:49:44","date_gmt":"2023-01-06T22:49:44","guid":{"rendered":"https:\/\/derberg.ch\/?page_id=433"},"modified":"2023-03-23T17:01:24","modified_gmt":"2023-03-23T17:01:24","slug":"hege","status":"publish","type":"page","link":"https:\/\/derberg.ch\/?page_id=433","title":{"rendered":"Hege"},"content":{"rendered":"\n<p>Jede Sektion des BKPJV hat vereinsintern eine Hegeorganisation, deren Hegeobmann jeweils von der Generalversammlung gew\u00e4hlt wird.<\/p>\n\n\n\n<p>Der Hegeobmann&nbsp;ist f\u00fcr die gesamte Hege in Zusammenarbeit mit den Wildh\u00fctern zust\u00e4ndig.<br>Er betreut gleichzeitig auch die J\u00e4gerkandidaten bei ihren obligatorischen Hegeleistungen.<\/p>\n\n\n\n<p>Unser Hegeobmann ist Daniel Joos, er hilft Dir gerne weiter. <\/p>\n\n\n\n<h2 class=\"wp-block-heading\">Jagdkandidaten<\/h2>\n\n\n\n<p>Bist Du interessiert daran, J\u00e4gerin oder J\u00e4ger im B\u00fcndnerland zu werden? <\/p>\n\n\n\n<p>Im Kanton Graub\u00fcnden kannst Du innerhalb von <strong>15 Monaten<\/strong> die Jagdpr\u00fcfung ablegen.<\/p>\n\n\n\n<p><strong>Ablauf der Pr\u00fcfung<br><br>Monat Oktober:&nbsp;<\/strong>Anmeldung<br>bei den Patentausgabestellen (vgl. Ausschreibung).<br>&#8211; f\u00fcr die Jagdpr\u00fcfung<br>&#8211; f\u00fcr die Hegeleistung<br>&#8211; f\u00fcr KOAWJ Ausbildungskurse (fakultativ)<\/p>\n\n\n\n<p>Voraussetzung: g\u00fcltiger Personalausweis<br>(im Anmeldejahr: das 17. Altersjahr erf\u00fcllt).<br>Kosten: Fr. 300.00 und Kanzleigeb\u00fchr Fr. 20.00.<\/p>\n\n\n\n<p><strong>Juli\/August<\/strong><br>Waffen- und Schiesspr\u00fcfung<br>Voraussetzung: min. 30 Std. Hegeleistung und obligatorische Waffen-\/Schiessausbildung<\/p>\n\n\n\n<p><a href=\"https:\/\/www.gr.ch\/DE\/institutionen\/verwaltung\/diem\/ajf\/jagd\/jagdpruefungundausbildung\/Seiten\/Wildtieranatomie-und-Wildbrethygiene-beim-Schuss.aspx\" target=\"_blank\" rel=\"noreferrer noopener\">Fragenkatalog theoretische Waffenpr\u00fcfung<\/a><\/p>\n\n\n\n<p><strong>Folgejahr M\u00e4rz\/April<br><\/strong>Theoretische Pr\u00fcfung<br>Voraussetzung:<br>&#8211; Teilnahme an der Waffen- und Schiesspr\u00fcfung<br>&#8211; min. 50 Std. Hegeleistung (total)<\/p>\n\n\n\n<p><a href=\"https:\/\/www.gr.ch\/DE\/institutionen\/verwaltung\/diem\/ajf\/jagd\/jagdpruefungundausbildung\/Seiten\/Wildtieranatomie-und-Wildbrethygiene-beim-Schuss.aspx\" target=\"_blank\" rel=\"noreferrer noopener\">Fragenkatalog Gesetzeskunde<\/a><\/p>\n\n\n\n<p><strong>Folgejahr Mai\/Juni<br><\/strong>Jungj\u00e4gerfeier mit offizieller \u00dcbergabe des Jagdpatentb\u00fcchleins<br>&gt;&nbsp;<a href=\"https:\/\/bkpjv.ch\/downloads\/jungjaegerfeier2016.pdf\">Berichterstattung Jungj\u00e4gerfeier 2016<\/a>&nbsp;[9&#8217;965 KB]<\/p>\n\n\n\n<p>Beim <a href=\"https:\/\/bkpjv.ch\/\">B\u00fcndner Kantonaler Patentj\u00e4ger Verband<\/a> findest Du alle Informationen zur <a href=\"https:\/\/bkpjv.ch\/ausbildung\/index.html\">Jagdpr\u00fcfung<\/a> in unserem Kanton. <\/p>\n","protected":false},"excerpt":{"rendered":"<p>Jede Sektion des BKPJV hat vereinsintern eine Hegeorganisation, deren Hegeobmann jeweils von der Generalversammlung gew\u00e4hlt wird. Der Hegeobmann&nbsp;ist f\u00fcr die gesamte Hege in Zusammenarbeit mit den Wildh\u00fctern zust\u00e4ndig.Er betreut gleichzeitig auch die J\u00e4gerkandidaten bei ihren obligatorischen Hegeleistungen. Unser Hegeobmann ist Daniel Joos, er hilft Dir gerne weiter. Jagdkandidaten Bist Du [&hellip;]<\/p>\n","protected":false},"author":1,"featured_media":0,"parent":0,"menu_order":0,"comment_status":"closed","ping_status":"closed","template":"","meta":{"_themeisle_gutenberg_block_has_review":false,"footnotes":""},"class_list":["post-433","page","type-page","status-publish","hentry"],"_links":{"self":[{"href":"https:\/\/derberg.ch\/index.php?rest_route=\/wp\/v2\/pages\/433","targetHints":{"allow":["GET"]}}],"collection":[{"href":"https:\/\/derberg.ch\/index.php?rest_route=\/wp\/v2\/pages"}],"about":[{"href":"https:\/\/derberg.ch\/index.php?rest_route=\/wp\/v2\/types\/page"}],"author":[{"embeddable":true,"href":"https:\/\/derberg.ch\/index.php?rest_route=\/wp\/v2\/users\/1"}],"replies":[{"embeddable":true,"href":"https:\/\/derberg.ch\/index.php?rest_route=%2Fwp%2Fv2%2Fcomments&post=433"}],"version-history":[{"count":3,"href":"https:\/\/derberg.ch\/index.php?rest_route=\/wp\/v2\/pages\/433\/revisions"}],"predecessor-version":[{"id":496,"href":"https:\/\/derberg.ch\/index.php?rest_route=\/wp\/v2\/pages\/433\/revisions\/496"}],"wp:attachment":[{"href":"https:\/\/derberg.ch\/index.php?rest_route=%2Fwp%2Fv2%2Fmedia&parent=433"}],"curies":[{"name":"wp","href":"https:\/\/api.w.org\/{rel}","templated":true}]}}